{"id":162,"date":"2021-10-08T12:47:38","date_gmt":"2021-10-08T12:47:38","guid":{"rendered":"https:\/\/prepacking.es\/almacenaje-y-logistica-integral-en-madrid\/?page_id=162"},"modified":"2021-10-25T12:22:37","modified_gmt":"2021-10-25T12:22:37","slug":"politica-de-cookies","status":"publish","type":"page","link":"https:\/\/prepacking.es\/almacenaje-y-logistica-integral-en-madrid\/politica-de-cookies\/","title":{"rendered":"Pol\u00edtica de cookies"},"content":{"rendered":"\t\t<div data-elementor-type=\"wp-page\" data-elementor-id=\"162\" class=\"elementor elementor-162\" data-elementor-post-type=\"page\">\n\t\t\t\t\t\t<section class=\"elementor-section elementor-top-section elementor-element elementor-element-2e25c86 elementor-section-boxed elementor-section-height-default elementor-section-height-default\" data-id=\"2e25c86\" data-element_type=\"section\" data-e-type=\"section\" data-settings=\"{&quot;jet_parallax_layout_list&quot;:[{&quot;jet_parallax_layout_image&quot;:{&quot;url&quot;:&quot;&quot;,&quot;id&quot;:&quot;&quot;,&quot;size&quot;:&quot;&quot;},&quot;_id&quot;:&quot;a76487b&quot;,&quot;jet_parallax_layout_image_tablet&quot;:{&quot;url&quot;:&quot;&quot;,&quot;id&quot;:&quot;&quot;,&quot;size&quot;:&quot;&quot;},&quot;jet_parallax_layout_image_mobile&quot;:{&quot;url&quot;:&quot;&quot;,&quot;id&quot;:&quot;&quot;,&quot;size&quot;:&quot;&quot;},&quot;jet_parallax_layout_speed&quot;:{&quot;unit&quot;:&quot;%&quot;,&quot;size&quot;:50,&quot;sizes&quot;:[]},&quot;jet_parallax_layout_type&quot;:&quot;scroll&quot;,&quot;jet_parallax_layout_direction&quot;:&quot;1&quot;,&quot;jet_parallax_layout_fx_direction&quot;:null,&quot;jet_parallax_layout_z_index&quot;:&quot;&quot;,&quot;jet_parallax_layout_bg_x&quot;:50,&quot;jet_parallax_layout_bg_x_tablet&quot;:&quot;&quot;,&quot;jet_parallax_layout_bg_x_mobile&quot;:&quot;&quot;,&quot;jet_parallax_layout_bg_y&quot;:50,&quot;jet_parallax_layout_bg_y_tablet&quot;:&quot;&quot;,&quot;jet_parallax_layout_bg_y_mobile&quot;:&quot;&quot;,&quot;jet_parallax_layout_bg_size&quot;:&quot;auto&quot;,&quot;jet_parallax_layout_bg_size_tablet&quot;:&quot;&quot;,&quot;jet_parallax_layout_bg_size_mobile&quot;:&quot;&quot;,&quot;jet_parallax_layout_animation_prop&quot;:&quot;transform&quot;,&quot;jet_parallax_layout_on&quot;:[&quot;desktop&quot;,&quot;tablet&quot;]}],&quot;background_background&quot;:&quot;classic&quot;}\">\n\t\t\t\t\t\t<div class=\"elementor-container elementor-column-gap-default\">\n\t\t\t\t\t<div class=\"elementor-column elementor-col-100 elementor-top-column elementor-element elementor-element-a41efd2\" data-id=\"a41efd2\" data-element_type=\"column\" data-e-type=\"column\">\n\t\t\t<div class=\"elementor-widget-wrap elementor-element-populated\">\n\t\t\t\t\t\t<div class=\"elementor-element elementor-element-24d9af5 elementor-widget elementor-widget-theme-site-logo elementor-widget-image\" data-id=\"24d9af5\" data-element_type=\"widget\" data-e-type=\"widget\" data-widget_type=\"theme-site-logo.default\">\n\t\t\t\t<div class=\"elementor-widget-container\">\n\t\t\t\t\t\t\t\t\t\t\t<a href=\"https:\/\/prepacking.es\/almacenaje-y-logistica-integral-en-madrid\">\n\t\t\t<img decoding=\"async\" width=\"441\" height=\"85\" src=\"https:\/\/prepacking.es\/almacenaje-y-logistica-integral-en-madrid\/wp-content\/uploads\/2021\/10\/Logo_prepacking_blanco.svg\" class=\"attachment-full size-full wp-image-21\" alt=\"\" \/>\t\t\t\t<\/a>\n\t\t\t\t\t\t\t\t\t\t\t<\/div>\n\t\t\t\t<\/div>\n\t\t\t\t\t<\/div>\n\t\t<\/div>\n\t\t\t\t\t<\/div>\n\t\t<\/section>\n\t\t\t\t<section class=\"elementor-section elementor-top-section elementor-element elementor-element-61e14b3 elementor-section-boxed elementor-section-height-default elementor-section-height-default\" data-id=\"61e14b3\" data-element_type=\"section\" data-e-type=\"section\" data-settings=\"{&quot;jet_parallax_layout_list&quot;:[{&quot;jet_parallax_layout_image&quot;:{&quot;url&quot;:&quot;&quot;,&quot;id&quot;:&quot;&quot;,&quot;size&quot;:&quot;&quot;},&quot;_id&quot;:&quot;ed5190c&quot;,&quot;jet_parallax_layout_image_tablet&quot;:{&quot;url&quot;:&quot;&quot;,&quot;id&quot;:&quot;&quot;,&quot;size&quot;:&quot;&quot;},&quot;jet_parallax_layout_image_mobile&quot;:{&quot;url&quot;:&quot;&quot;,&quot;id&quot;:&quot;&quot;,&quot;size&quot;:&quot;&quot;},&quot;jet_parallax_layout_speed&quot;:{&quot;unit&quot;:&quot;%&quot;,&quot;size&quot;:50,&quot;sizes&quot;:[]},&quot;jet_parallax_layout_type&quot;:&quot;scroll&quot;,&quot;jet_parallax_layout_direction&quot;:&quot;1&quot;,&quot;jet_parallax_layout_fx_direction&quot;:null,&quot;jet_parallax_layout_z_index&quot;:&quot;&quot;,&quot;jet_parallax_layout_bg_x&quot;:50,&quot;jet_parallax_layout_bg_x_tablet&quot;:&quot;&quot;,&quot;jet_parallax_layout_bg_x_mobile&quot;:&quot;&quot;,&quot;jet_parallax_layout_bg_y&quot;:50,&quot;jet_parallax_layout_bg_y_tablet&quot;:&quot;&quot;,&quot;jet_parallax_layout_bg_y_mobile&quot;:&quot;&quot;,&quot;jet_parallax_layout_bg_size&quot;:&quot;auto&quot;,&quot;jet_parallax_layout_bg_size_tablet&quot;:&quot;&quot;,&quot;jet_parallax_layout_bg_size_mobile&quot;:&quot;&quot;,&quot;jet_parallax_layout_animation_prop&quot;:&quot;transform&quot;,&quot;jet_parallax_layout_on&quot;:[&quot;desktop&quot;,&quot;tablet&quot;]}]}\">\n\t\t\t\t\t\t<div class=\"elementor-container elementor-column-gap-default\">\n\t\t\t\t\t<div class=\"elementor-column elementor-col-100 elementor-top-column elementor-element elementor-element-e10ad2d\" data-id=\"e10ad2d\" data-element_type=\"column\" data-e-type=\"column\">\n\t\t\t<div class=\"elementor-widget-wrap elementor-element-populated\">\n\t\t\t\t\t\t<div class=\"elementor-element elementor-element-235cf25 elementor-widget elementor-widget-heading\" data-id=\"235cf25\" data-element_type=\"widget\" data-e-type=\"widget\" data-widget_type=\"heading.default\">\n\t\t\t\t<div class=\"elementor-widget-container\">\n\t\t\t\t\t<h2 class=\"elementor-heading-title elementor-size-default\">Pol\u00edtica de cookies<\/h2>\t\t\t\t<\/div>\n\t\t\t\t<\/div>\n\t\t\t\t<div class=\"elementor-element elementor-element-6ae24f5 elementor-widget elementor-widget-text-editor\" data-id=\"6ae24f5\" data-element_type=\"widget\" data-e-type=\"widget\" data-widget_type=\"text-editor.default\">\n\t\t\t\t<div class=\"elementor-widget-container\">\n\t\t\t\t\t\t\t\t\t<p><strong>Aplicaci\u00f3n de la presente Pol\u00edtica de Cookies<\/strong><\/p><p>Desde la PREPACKING SERVICIOS, S.L. (en adelante,\u00a0\u201cPREPACKING\u201d) deseamos informarte de<br \/>que nuestras p\u00e1ginas web utilizan cookies propias y terceros para medir y analizar la<br \/>navegaci\u00f3n de nuestros usuarios. Mediante el uso de nuestros sitios web aceptas nuestras<br \/>cookies de conformidad con los t\u00e9rminos de esta Pol\u00edtica.<\/p><p><b>\u00bfQu\u00e9 son las cookies?<\/b><\/p><p>Una cookie es fichero que se descarga en su ordenador al acceder a determinadas p\u00e1ginas<br \/>web. Cada cookie es \u00fanica a su navegador web y contendr\u00e1 cierta informaci\u00f3n an\u00f3nima, como un identificador y el nombre de la p\u00e1gina web, junto con algunas cifras y n\u00fameros. El usuario no proporciona directamente esta informaci\u00f3n, sino que se recaba autom\u00e1ticamente como medio de apoyo a su visita a la p\u00e1gina web.<br \/>Las cookies permiten a una p\u00e1gina web, entre otras cosas, almacenar y recuperar informaci\u00f3nsobre los h\u00e1bitos de navegaci\u00f3n de un usuario o de su equipo y, dependiendo de lainformaci\u00f3n que contengan y de la forma en que utilice su equipo, pueden utilizarse para reconocer al usuario.<\/p><p><b>\u00bfQu\u00e9 tipos de cookies utiliza esta p\u00e1gina web?<\/b><\/p><p><u>En el siguiente enlace podr\u00e1 acceder al listado completo de las cookies que utiliza el presente sitio web [deber\u00e1 de redireccionar al modal donde se configuran las cookies o a un listado de las cookies que se utilizan]. Las cookies podr\u00e1n ser:<\/u><\/p><p><b>Propias<\/b>: son las que se descargan en su navegador desde un dominio propio de<br \/>PREPACKING, siendo gestionadas por nosotros mismos.<\/p><p><b>De terceros<\/b>: son las que se descargan en su navegador desde un dominio que no<br \/>gestiona PREPACKING, sino un tercero.<\/p><p>Estas cookies podr\u00e1n tener diferentes finalidades. En funci\u00f3n de estas finalidades, las cookies se pueden clasificar en:<\/p><ul><li><b>Cookies necesarias:<\/b> las cookies necesarias ayudan a hacer una p\u00e1gina web utilizable<br \/>activando funciones b\u00e1sicas como la navegaci\u00f3n en la p\u00e1gina y el acceso a \u00e1reas seguras de la p\u00e1gina web. La p\u00e1gina web no puede funcionar adecuadamente sin estas cookies.<\/li><li><b>Cookies estad\u00edsticas: <\/b>las cookies estad\u00edsticas ayudan a los propietarios de p\u00e1ginas web a comprender c\u00f3mo interact\u00faan los visitantes con las p\u00e1ginas web reuniendo y<br \/>proporcionando informaci\u00f3n de forma an\u00f3nima.<\/li><li><b>Cookies funcionales:<\/b> estas cookies permiten que el sitio web proporcione una mejor<br \/>funcionalidad y personalizaci\u00f3n. Pueden ser establecidas por nuestra empresa o por<br \/>proveedores externos cuyos servicios hemos agregado a nuestras p\u00e1ginas. Si no permite utilizar estas cookies, es posible que algunos de estos servicios no funcionen<br \/>correctamente.<\/li><li><b>Cookies de publicidad:<\/b> las cookies de marketing se utilizan para rastrear a los visitantes en las p\u00e1ginas web. La intenci\u00f3n es mostrar anuncios relevantes y atractivos para elusuario individual, y, por lo tanto, m\u00e1s valiosos para los editores y terceros anunciantes.<\/li><\/ul><p><b>Tratamiento de datos de car\u00e1cter personal<\/b><\/p><p><b><br \/><\/b>Alguna de estas cookies lleva consigo el tratamiento de datos de car\u00e1cter personal. En el caso de que no quiera que recaben sus datos personales, podr\u00e1 configurar las cookies pinchando en la esquina inferior derecha.<\/p><p><b>Revocaci\u00f3n y eliminaci\u00f3n de Cookies<\/b><\/p><p><b><br \/><\/b>En cualquier caso y en todo momento, podr\u00e1s eliminar las cookies ya instaladas a trav\u00e9s de la configuraci\u00f3n del navegador. Dicha configuraci\u00f3n la podr\u00e1s llevar a cabo en:<\/p><p><a href=\"https:\/\/support.google.com\/chrome\/answer\/95647?hl=es\" target=\"_blank\" rel=\"noopener\">Google Chrome<\/a><br \/><a href=\"https:\/\/support.microsoft.com\/es-es\/windows\/eliminar-y-administrar-cookies-168dab11-0753-043d-7c16-ede5947fc64d\" target=\"_blank\" rel=\"noopener\">Internet Explorer<\/a><br \/><a href=\"https:\/\/support.apple.com\/es-es\/HT201265\" target=\"_blank\" rel=\"noopener\">Safari<\/a><br \/><a href=\"https:\/\/support.mozilla.org\/es\/kb\/habilitar-y-deshabilitar-cookies-sitios-web-rastrear-preferencias?redirectlocale=es&amp;redirectslug=habilitar-y-deshabilitar-cookies-que-los-sitios-we\" target=\"_blank\" rel=\"noopener\">Mozilla Firefox<\/a><\/p><p><b>Vigencia de las cookies.<\/b><\/p><p>Seg\u00fan el plazo de tiempo en que las cookies permanecen activadas en un equipo terminal,<br \/>podemos distinguir dos tipolog\u00edas:<br \/><b>Cookies de sesi\u00f3n:<\/b> dise\u00f1adas para recabar y almacenar datos mientras el usuario accede<br \/>a una p\u00e1gina web. Se suelen emplear para almacenar informaci\u00f3n que solo interesa<br \/>conservar para la prestaci\u00f3n del servicio solicitado por el usuario en una sola ocasi\u00f3n.<\/p><p><b>Cookies persistentes:<\/b> cookies en las que los datos permanecen almacenados en el<br \/>terminal y pueden ser accedidos y tratados durante un periodo definido por el<br \/>responsable de la cookie, y que puede variar desde unos minutos hasta varios a\u00f1os.<\/p><p><b>Actualizaci\u00f3n de la Pol\u00edtica de Cookies<\/b><\/p><p><span style=\"color: var( --e-global-color-text ); font-family: var( --e-global-typography-text-font-family ), Sans-serif; font-size: var( --e-global-typography-text-font-size ); font-weight: var( --e-global-typography-text-font-weight );\">PREPACKING aconseja a los usuarios que visiten peri\u00f3dicamente este sitio web para conocer\u00a0<\/span><span style=\"color: var( --e-global-color-text ); font-family: var( --e-global-typography-text-font-family ), Sans-serif; font-size: var( --e-global-typography-text-font-size ); font-weight: var( --e-global-typography-text-font-weight );\">los cambios sufridos en las mismas, as\u00ed como los cambios que se lleven a cabo en la presente <\/span><span style=\"color: var( --e-global-color-text ); font-family: var( --e-global-typography-text-font-family ), Sans-serif; font-size: var( --e-global-typography-text-font-size ); font-weight: var( --e-global-typography-text-font-weight );\">Pol\u00edtica de Cookies.<\/span><\/p>\t\t\t\t\t\t\t\t<\/div>\n\t\t\t\t<\/div>\n\t\t\t\t\t<\/div>\n\t\t<\/div>\n\t\t\t\t\t<\/div>\n\t\t<\/section>\n\t\t\t\t<\/div>\n\t\t","protected":false},"excerpt":{"rendered":"<p>Pol\u00edtica de cookies Aplicaci\u00f3n de la presente Pol\u00edtica de Cookies Desde la PREPACKING SERVICIOS, S.L. (en adelante,\u00a0\u201cPREPACKING\u201d) deseamos informarte deque nuestras p\u00e1ginas web utilizan cookies propias y terceros para medir y analizar lanavegaci\u00f3n de nuestros usuarios. Mediante el uso de nuestros sitios web aceptas nuestrascookies de conformidad con los t\u00e9rminos de esta Pol\u00edtica. \u00bfQu\u00e9 son &#8230; <a title=\"Pol\u00edtica de cookies\" class=\"read-more\" href=\"https:\/\/prepacking.es\/almacenaje-y-logistica-integral-en-madrid\/politica-de-cookies\/\" aria-label=\"Leer m\u00e1s sobre Pol\u00edtica de cookies\">Leer m\u00e1s<\/a><\/p>\n","protected":false},"author":1,"featured_media":0,"parent":0,"menu_order":0,"comment_status":"closed","ping_status":"closed","template":"elementor_header_footer","meta":{"footnotes":""},"class_list":["post-162","page","type-page","status-publish"],"_links":{"self":[{"href":"https:\/\/prepacking.es\/almacenaje-y-logistica-integral-en-madrid\/wp-json\/wp\/v2\/pages\/162","targetHints":{"allow":["GET"]}}],"collection":[{"href":"https:\/\/prepacking.es\/almacenaje-y-logistica-integral-en-madrid\/wp-json\/wp\/v2\/pages"}],"about":[{"href":"https:\/\/prepacking.es\/almacenaje-y-logistica-integral-en-madrid\/wp-json\/wp\/v2\/types\/page"}],"author":[{"embeddable":true,"href":"https:\/\/prepacking.es\/almacenaje-y-logistica-integral-en-madrid\/wp-json\/wp\/v2\/users\/1"}],"replies":[{"embeddable":true,"href":"https:\/\/prepacking.es\/almacenaje-y-logistica-integral-en-madrid\/wp-json\/wp\/v2\/comments?post=162"}],"version-history":[{"count":17,"href":"https:\/\/prepacking.es\/almacenaje-y-logistica-integral-en-madrid\/wp-json\/wp\/v2\/pages\/162\/revisions"}],"predecessor-version":[{"id":647,"href":"https:\/\/prepacking.es\/almacenaje-y-logistica-integral-en-madrid\/wp-json\/wp\/v2\/pages\/162\/revisions\/647"}],"wp:attachment":[{"href":"https:\/\/prepacking.es\/almacenaje-y-logistica-integral-en-madrid\/wp-json\/wp\/v2\/media?parent=162"}],"curies":[{"name":"wp","href":"https:\/\/api.w.org\/{rel}","templated":true}]}}