{"id":269,"date":"2021-10-11T14:39:34","date_gmt":"2021-10-11T14:39:34","guid":{"rendered":"https:\/\/prepacking.es\/almacenaje-y-logistica-integral-en-madrid\/?page_id=269"},"modified":"2021-10-25T12:22:40","modified_gmt":"2021-10-25T12:22:40","slug":"politica-de-privacidad","status":"publish","type":"page","link":"https:\/\/prepacking.es\/almacenaje-y-logistica-integral-en-madrid\/politica-de-privacidad\/","title":{"rendered":"Pol\u00edtica de privacidad"},"content":{"rendered":"\t\t<div data-elementor-type=\"wp-page\" data-elementor-id=\"269\" class=\"elementor elementor-269\" data-elementor-post-type=\"page\">\n\t\t\t\t\t\t<section class=\"elementor-section elementor-top-section elementor-element elementor-element-488ae3c elementor-section-boxed elementor-section-height-default elementor-section-height-default\" data-id=\"488ae3c\" data-element_type=\"section\" data-e-type=\"section\" data-settings=\"{&quot;jet_parallax_layout_list&quot;:[{&quot;jet_parallax_layout_image&quot;:{&quot;url&quot;:&quot;&quot;,&quot;id&quot;:&quot;&quot;,&quot;size&quot;:&quot;&quot;},&quot;_id&quot;:&quot;a76487b&quot;,&quot;jet_parallax_layout_image_tablet&quot;:{&quot;url&quot;:&quot;&quot;,&quot;id&quot;:&quot;&quot;,&quot;size&quot;:&quot;&quot;},&quot;jet_parallax_layout_image_mobile&quot;:{&quot;url&quot;:&quot;&quot;,&quot;id&quot;:&quot;&quot;,&quot;size&quot;:&quot;&quot;},&quot;jet_parallax_layout_speed&quot;:{&quot;unit&quot;:&quot;%&quot;,&quot;size&quot;:50,&quot;sizes&quot;:[]},&quot;jet_parallax_layout_type&quot;:&quot;scroll&quot;,&quot;jet_parallax_layout_direction&quot;:&quot;1&quot;,&quot;jet_parallax_layout_fx_direction&quot;:null,&quot;jet_parallax_layout_z_index&quot;:&quot;&quot;,&quot;jet_parallax_layout_bg_x&quot;:50,&quot;jet_parallax_layout_bg_x_tablet&quot;:&quot;&quot;,&quot;jet_parallax_layout_bg_x_mobile&quot;:&quot;&quot;,&quot;jet_parallax_layout_bg_y&quot;:50,&quot;jet_parallax_layout_bg_y_tablet&quot;:&quot;&quot;,&quot;jet_parallax_layout_bg_y_mobile&quot;:&quot;&quot;,&quot;jet_parallax_layout_bg_size&quot;:&quot;auto&quot;,&quot;jet_parallax_layout_bg_size_tablet&quot;:&quot;&quot;,&quot;jet_parallax_layout_bg_size_mobile&quot;:&quot;&quot;,&quot;jet_parallax_layout_animation_prop&quot;:&quot;transform&quot;,&quot;jet_parallax_layout_on&quot;:[&quot;desktop&quot;,&quot;tablet&quot;]}],&quot;background_background&quot;:&quot;classic&quot;}\">\n\t\t\t\t\t\t<div class=\"elementor-container elementor-column-gap-default\">\n\t\t\t\t\t<div class=\"elementor-column elementor-col-100 elementor-top-column elementor-element elementor-element-9073543\" data-id=\"9073543\" data-element_type=\"column\" data-e-type=\"column\">\n\t\t\t<div class=\"elementor-widget-wrap elementor-element-populated\">\n\t\t\t\t\t\t<div class=\"elementor-element elementor-element-2cac3be elementor-widget elementor-widget-theme-site-logo elementor-widget-image\" data-id=\"2cac3be\" data-element_type=\"widget\" data-e-type=\"widget\" data-widget_type=\"theme-site-logo.default\">\n\t\t\t\t<div class=\"elementor-widget-container\">\n\t\t\t\t\t\t\t\t\t\t\t<a href=\"https:\/\/prepacking.es\/almacenaje-y-logistica-integral-en-madrid\">\n\t\t\t<img decoding=\"async\" width=\"441\" height=\"85\" src=\"https:\/\/prepacking.es\/almacenaje-y-logistica-integral-en-madrid\/wp-content\/uploads\/2021\/10\/Logo_prepacking_blanco.svg\" class=\"attachment-full size-full wp-image-21\" alt=\"\" \/>\t\t\t\t<\/a>\n\t\t\t\t\t\t\t\t\t\t\t<\/div>\n\t\t\t\t<\/div>\n\t\t\t\t\t<\/div>\n\t\t<\/div>\n\t\t\t\t\t<\/div>\n\t\t<\/section>\n\t\t\t\t<section class=\"elementor-section elementor-top-section elementor-element elementor-element-245ed81 elementor-section-boxed elementor-section-height-default elementor-section-height-default\" data-id=\"245ed81\" data-element_type=\"section\" data-e-type=\"section\" data-settings=\"{&quot;jet_parallax_layout_list&quot;:[{&quot;jet_parallax_layout_image&quot;:{&quot;url&quot;:&quot;&quot;,&quot;id&quot;:&quot;&quot;,&quot;size&quot;:&quot;&quot;},&quot;_id&quot;:&quot;ed5190c&quot;,&quot;jet_parallax_layout_image_tablet&quot;:{&quot;url&quot;:&quot;&quot;,&quot;id&quot;:&quot;&quot;,&quot;size&quot;:&quot;&quot;},&quot;jet_parallax_layout_image_mobile&quot;:{&quot;url&quot;:&quot;&quot;,&quot;id&quot;:&quot;&quot;,&quot;size&quot;:&quot;&quot;},&quot;jet_parallax_layout_speed&quot;:{&quot;unit&quot;:&quot;%&quot;,&quot;size&quot;:50,&quot;sizes&quot;:[]},&quot;jet_parallax_layout_type&quot;:&quot;scroll&quot;,&quot;jet_parallax_layout_direction&quot;:&quot;1&quot;,&quot;jet_parallax_layout_fx_direction&quot;:null,&quot;jet_parallax_layout_z_index&quot;:&quot;&quot;,&quot;jet_parallax_layout_bg_x&quot;:50,&quot;jet_parallax_layout_bg_x_tablet&quot;:&quot;&quot;,&quot;jet_parallax_layout_bg_x_mobile&quot;:&quot;&quot;,&quot;jet_parallax_layout_bg_y&quot;:50,&quot;jet_parallax_layout_bg_y_tablet&quot;:&quot;&quot;,&quot;jet_parallax_layout_bg_y_mobile&quot;:&quot;&quot;,&quot;jet_parallax_layout_bg_size&quot;:&quot;auto&quot;,&quot;jet_parallax_layout_bg_size_tablet&quot;:&quot;&quot;,&quot;jet_parallax_layout_bg_size_mobile&quot;:&quot;&quot;,&quot;jet_parallax_layout_animation_prop&quot;:&quot;transform&quot;,&quot;jet_parallax_layout_on&quot;:[&quot;desktop&quot;,&quot;tablet&quot;]}]}\">\n\t\t\t\t\t\t<div class=\"elementor-container elementor-column-gap-default\">\n\t\t\t\t\t<div class=\"elementor-column elementor-col-100 elementor-top-column elementor-element elementor-element-fc549eb\" data-id=\"fc549eb\" data-element_type=\"column\" data-e-type=\"column\">\n\t\t\t<div class=\"elementor-widget-wrap elementor-element-populated\">\n\t\t\t\t\t\t<div class=\"elementor-element elementor-element-d406021 elementor-widget elementor-widget-heading\" data-id=\"d406021\" data-element_type=\"widget\" data-e-type=\"widget\" data-widget_type=\"heading.default\">\n\t\t\t\t<div class=\"elementor-widget-container\">\n\t\t\t\t\t<h2 class=\"elementor-heading-title elementor-size-default\">Pol\u00edtica de privacidad<\/h2>\t\t\t\t<\/div>\n\t\t\t\t<\/div>\n\t\t\t\t<div class=\"elementor-element elementor-element-b7eee53 elementor-widget elementor-widget-text-editor\" data-id=\"b7eee53\" data-element_type=\"widget\" data-e-type=\"widget\" data-widget_type=\"text-editor.default\">\n\t\t\t\t<div class=\"elementor-widget-container\">\n\t\t\t\t\t\t\t\t\t<ol><li><strong><u>RESPONSABLE<\/u><\/strong><\/li><\/ol><p><strong>\u00bfQui\u00e9n es el responsable de tratamiento de sus datos?<\/strong><\/p><ul><li>Raz\u00f3n social: PREPACKING SERVICIOS SL<\/li><li>CIF: B81152696<\/li><li>Domicilio: CALLE RIO JUCAR 3, POLIGONO INDUSTRIAL EL NOGAL, 28110, ALGETE, MADRID<\/li><li>Tel\u00e9fono: +34 916 625 277<\/li><li>Correo electr\u00f3nico: prepacking@prepacking.es<\/li><\/ul><ol><li><strong><u>FINALIDAD<\/u><\/strong><\/li><\/ol><p><strong>\u00bfCon que finalidad trataremos sus datos personales?<\/strong><\/p><p>En PREPACKING SERVICIOS SL trataremos su informaci\u00f3n para:<\/p><ul><li>Mantenimiento de la relaci\u00f3n mercantil y prestaci\u00f3n del servicio contratado.<\/li><li>Env\u00edo de informaci\u00f3n comercial vinculadas con nuestro sector de LOGISTICA Y ALMACENAJE ESPECIALIZADO<\/li><li>Realizaci\u00f3n de un presupuesto ajustado a sus necesidades.<\/li><li>Gestionar comunicaciones por correo electr\u00f3nico con interesados.<\/li><li>Controlar la seguridad de las instalaciones (videovigilancia).<\/li><li>Gesti\u00f3n de los empleados y recursos humanos de la sociedad.<\/li><\/ul><p><strong>\u00bfDurante cu\u00e1nto tiempo tendremos sus datos?<\/strong><\/p><p>Los datos personales que nos proporciones ser\u00e1n conservados mientras se mantenga la relaci\u00f3n mercantil vigente. No obstante para tener la m\u00e1xima transparencia con usted le indicamos que los c\u00f3mputos generales con los que trabajamos son:<\/p><ul><li>Contable, fiscal: seis (6) a\u00f1os.<\/li><li>Laboral: diez (10) a\u00f1os.<\/li><li>Videovigilancia: treinta (30) d\u00edas, salvo grabaci\u00f3n de una infracci\u00f3n y\/o delito.<\/li><li>Asimismo, dado el env\u00edo de informaci\u00f3n comercial, aunque se ponga fin a la relaci\u00f3n entre las partes, PREPACKING SERVICIOS SL seguir\u00e1 conservando su informaci\u00f3n para el env\u00edo de\u00a0<em>newsletters<\/em>\u00a0vinculadas con nuestros productos y servicios<a href=\"https:\/\/prepacking.es\/politica-de-privacidad\/#_ftn1\" name=\"_ftnref1\"><sup>[1]<\/sup><\/a>. Siempre podr\u00e1 ejercitar los derechos que le reconoce la normativa vigente poni\u00e9ndose en contacto a trav\u00e9s de la v\u00eda que le sea m\u00e1s c\u00f3moda.<\/li><\/ul><p>No obstante pese a la existencia de estos plazos generales, le informamos que de forma peri\u00f3dica revisaremos nuestros sistemas para proceder a eliminar aquellos datos que no sean legalmente necesarios.<\/p><ol><li><strong><u>LEGITIMACI\u00d3N<\/u><\/strong><\/li><\/ol><p><strong>\u00bfCu\u00e1l es la legitimaci\u00f3n para el tratamiento de sus datos?<\/strong><\/p><p>Seg\u00fan las finalidades de la recogida de nuestros datos, el tratamiento de sus datos es necesario:<\/p><ol><li><u>Gestionar la relaci\u00f3n mercantil que ha suscrito y contratado con nosotros.<\/u><ol><li>Ejecuci\u00f3n de un contrato (habilitado por el art\u00edculo 6.1.b RGPD)<\/li><li>Consentimiento del interesado (habitado por el art\u00edculo 6.1.a RGPD)<\/li><\/ol><\/li><\/ol><ol><li><u>Env\u00edo de comunicaciones comerciales<\/u><ol><li>Consentimiento del interesado (habilitado por el art\u00edculo 6.1. RGPD)<\/li><li>Consentimiento del interesado (habilitado por el art\u00edculo 20 LSSICE)<\/li><li>Inter\u00e9s leg\u00edtimo (habilitado por el art\u00edculo 6.1.f RGPD)<\/li><\/ol><\/li><\/ol><ol><li><u>Realizaci\u00f3n de un presupuesto ajustado a sus necesidades.<\/u><ol><li>Ejecuci\u00f3n de un contrato y\/o relaci\u00f3n precontractual (habilitado por el art\u00edculo 6.1.b RGPD)<\/li><\/ol><\/li><\/ol><ol><li><u>Gestionar comunicaciones por correo electr\u00f3nico con interesados.<\/u><ol><li>Consentimiento del interesado (habitado por el art\u00edculo 6.1.a RGPD)<\/li><li>Inter\u00e9s leg\u00edtimo (habilitado por el art\u00edculo 6.1.f RGPD)<\/li><\/ol><\/li><\/ol><ol><li><u>Controlar la seguridad de\u00a0 las instalaciones (videovigilancia)<\/u><ol><li>Inter\u00e9s leg\u00edtimo (habilitado por el art\u00edculo 6.1.f RGPD)<\/li><\/ol><\/li><\/ol><ol><li><u>Gesti\u00f3n de los empleados y recursos humanos internos de la sociedad<\/u><ol><li>Ejecuci\u00f3n contractual (habilitado por el art\u00edculo 6.1.b RGPD)<\/li><\/ol><\/li><\/ol><p>Asimismo, todos los datos recogidos son necesarios para la prestaci\u00f3n del servicio. No obstante, aquellos datos que est\u00e9n marcados con un asterisco (*) ser\u00e1n obligatorios. En el caso de que los datos obligatorios no fueran facilitados PREPACKING SERVICIOS SL no podr\u00e1 prestarle el servicio contratado.<\/p><ol><li><strong><u>DERECHOS QUE LE ASISTEN A LAS PERSONAS INTERESADAS<\/u><\/strong><\/li><\/ol><p><strong>\u00bfQu\u00e9 derechos tengo en materia de protecci\u00f3n de datos?<\/strong><\/p><p>Puede ejercitar cualquiera de los siguientes derechos comunic\u00e1ndonoslo a la direcci\u00f3n postal CALLE RIO JUCAR 3,\u00a0 POLIGONO INDUSTRIAL EL NOGAL, 28110, ALGETE, MADRID o a la direcci\u00f3n electr\u00f3nica indicada en el encabezado (MANUEL.PEREZ@PREPACKING.ES). En todo caso, seg\u00fan la normativa vigente tiene reconocido el:<\/p><ul><li>Derecho a solicitar el acceso a los datos personales relativos al interesado.<\/li><li>Derecho a solicitar su rectificaci\u00f3n o supresi\u00f3n.<\/li><li>Derecho a solicitar la limitaci\u00f3n del tratamiento.<\/li><li>Derecho a oponerse al tratamiento.<\/li><li>Derecho a la portabilidad.<\/li><\/ul><p>Podr\u00e1 hacer uso de los siguientes formularios para poder ejercitar sus derechos de una manera m\u00e1s f\u00e1cil. Puede descargarlos\u00a0<strong><u>pulsando aqu\u00ed.<\/u><\/strong>\u00a0[ADJUNTAR FORMULARIOS. V\u00c9ASE DOCUMENTO N\u00daMERO 10: DERECHO DE LOS INTERESADOS]. Adicionalmente, puede presentar una reclamaci\u00f3n ante la Agencia Espa\u00f1ola de Protecci\u00f3n de Datos (AEPD). M\u00e1s informaci\u00f3n en el Apartado VII del presente documento.<\/p><p>\u00a0<\/p><ol><li><strong><u>DESTINATARIOS<\/u><\/strong><\/li><\/ol><p><strong>\u00bfA qu\u00e9 destinatarios se comunicar\u00e1n sus datos?<\/strong><\/p><p>Sus datos no ser\u00e1n comunicados a terceras empresas.<\/p><p>Asimismo, le informamos que sus datos no se transferir\u00e1n internacionalmente a ning\u00fan tercer pa\u00eds.<\/p><p><em>\u00a0<\/em><\/p><ol><li><strong><u>PROCEDENCIA DE SUS DATOS\u00a0<a href=\"https:\/\/prepacking.es\/politica-de-privacidad\/#_ftn2\" name=\"_ftnref2\"><sup>[2]<\/sup><\/a><\/u><\/strong><\/li><\/ol><p><strong>\u00bfC\u00f3mo hemos obtenido sus datos?<\/strong><\/p><p>Los datos de car\u00e1cter personal que utiliza PREPACKING SERVICIOS SL proceden del propio interesado.<\/p><p><strong>\u00bfQu\u00e9 categor\u00edas de datos manejamos?<\/strong><\/p><p>Las categor\u00edas de datos de car\u00e1cter personal que se tratan:<\/p><ul><li>Datos de identificaci\u00f3n<ul><li>Nombre<\/li><li>Apellidos<\/li><li>DNI \/ NIE \/ Pasaporte o documento equivalente<\/li><li>Direcciones postales<\/li><li>Direcciones electr\u00f3nicas<\/li><li>Sexo<\/li><li>Fecha de nacimiento<\/li><li>Lugar de nacimiento<\/li><li>Tel\u00e9fono<\/li><\/ul><\/li><li>Informaci\u00f3n comercial<\/li><\/ul><p>\u00a0<\/p><ul><li>Datos econ\u00f3micos<ul><li>N\u00famero de cuenta bancaria<\/li><li>N\u00famero de tarjeta de cr\u00e9dito<\/li><\/ul><\/li><\/ul><p>\u00a0<\/p><ul><li>Videovigilancia<ul><li>Imagen<\/li><\/ul><\/li><\/ul><p>\u00a0<\/p><p>PREPACKING SERVICIOS SL no trata datos especialmente protegidos.<\/p><p>\u00a0<\/p><ol><li><strong><u>AUTORIDAD DE CONTROL<\/u><\/strong><\/li><\/ol><p><strong><u>\u00a0\u00a0<\/u><\/strong>Desde PREPACKING SERVICIOS SL ponemos el m\u00e1ximo empe\u00f1o para cumplir con la normativa de protecci\u00f3n de datos dado que es el activo m\u00e1s valioso para nosotros. No obstante, le informamos que en caso de que usted entienda que sus derechos se han visto menoscabados, puede presentar una reclamaci\u00f3n ante la Agencia Espa\u00f1ola de Protecci\u00f3n de Datos (AEPD), sita en C\/ Jorge Juan, 6. 28001 \u2013 Madrid. M\u00e1s informaci\u00f3n sobre la AEPD.\u00a0<a href=\"http:\/\/www.agpd.es\/\" target=\"_blank\" rel=\"noopener\">http:\/\/www.agpd.es\/<\/a><a href=\"https:\/\/prepacking.es\/politica-de-privacidad\/#_ftnref1\" name=\"_ftn1\"><\/a><\/p><p>\u00a0<\/p>\t\t\t\t\t\t\t\t<\/div>\n\t\t\t\t<\/div>\n\t\t\t\t\t<\/div>\n\t\t<\/div>\n\t\t\t\t\t<\/div>\n\t\t<\/section>\n\t\t\t\t<\/div>\n\t\t","protected":false},"excerpt":{"rendered":"<p>Pol\u00edtica de privacidad RESPONSABLE \u00bfQui\u00e9n es el responsable de tratamiento de sus datos? Raz\u00f3n social: PREPACKING SERVICIOS SL CIF: B81152696 Domicilio: CALLE RIO JUCAR 3, POLIGONO INDUSTRIAL EL NOGAL, 28110, ALGETE, MADRID Tel\u00e9fono: +34 916 625 277 Correo electr\u00f3nico: prepacking@prepacking.es FINALIDAD \u00bfCon que finalidad trataremos sus datos personales? En PREPACKING SERVICIOS SL trataremos su informaci\u00f3n &#8230; <a title=\"Pol\u00edtica de privacidad\" class=\"read-more\" href=\"https:\/\/prepacking.es\/almacenaje-y-logistica-integral-en-madrid\/politica-de-privacidad\/\" aria-label=\"Leer m\u00e1s sobre Pol\u00edtica de privacidad\">Leer m\u00e1s<\/a><\/p>\n","protected":false},"author":1,"featured_media":0,"parent":0,"menu_order":0,"comment_status":"closed","ping_status":"closed","template":"elementor_header_footer","meta":{"footnotes":""},"class_list":["post-269","page","type-page","status-publish"],"_links":{"self":[{"href":"https:\/\/prepacking.es\/almacenaje-y-logistica-integral-en-madrid\/wp-json\/wp\/v2\/pages\/269","targetHints":{"allow":["GET"]}}],"collection":[{"href":"https:\/\/prepacking.es\/almacenaje-y-logistica-integral-en-madrid\/wp-json\/wp\/v2\/pages"}],"about":[{"href":"https:\/\/prepacking.es\/almacenaje-y-logistica-integral-en-madrid\/wp-json\/wp\/v2\/types\/page"}],"author":[{"embeddable":true,"href":"https:\/\/prepacking.es\/almacenaje-y-logistica-integral-en-madrid\/wp-json\/wp\/v2\/users\/1"}],"replies":[{"embeddable":true,"href":"https:\/\/prepacking.es\/almacenaje-y-logistica-integral-en-madrid\/wp-json\/wp\/v2\/comments?post=269"}],"version-history":[{"count":8,"href":"https:\/\/prepacking.es\/almacenaje-y-logistica-integral-en-madrid\/wp-json\/wp\/v2\/pages\/269\/revisions"}],"predecessor-version":[{"id":650,"href":"https:\/\/prepacking.es\/almacenaje-y-logistica-integral-en-madrid\/wp-json\/wp\/v2\/pages\/269\/revisions\/650"}],"wp:attachment":[{"href":"https:\/\/prepacking.es\/almacenaje-y-logistica-integral-en-madrid\/wp-json\/wp\/v2\/media?parent=269"}],"curies":[{"name":"wp","href":"https:\/\/api.w.org\/{rel}","templated":true}]}}